{"id":869,"date":"2023-01-11T18:10:30","date_gmt":"2023-01-11T18:10:30","guid":{"rendered":"https:\/\/www.cliref-dz.com\/?post_type=product&#038;p=869"},"modified":"2023-01-25T14:35:46","modified_gmt":"2023-01-25T14:35:46","slug":"condenseurs-a-air","status":"publish","type":"product","link":"https:\/\/www.cliref-dz.com\/en\/product\/condenseurs-a-air\/","title":{"rendered":"Condenseurs \u00e0 Air"},"content":{"rendered":"<table style=\"margin-left: 20px;\" width=\"519\">\n<tbody>\n<tr>\n<td width=\"254\"><strong>Mod\u00e8le<\/strong><\/td>\n<td width=\"152\"><strong>Dimensions (mm)<\/strong><\/td>\n<td width=\"113\"><strong>Poids (kg)<\/strong><\/td>\n<\/tr>\n<tr>\n<td width=\"254\">Condenseur avec 2 ventilateurs \u00d8400<\/td>\n<td width=\"152\">1050 x 240 x 615<\/td>\n<td width=\"113\">27<\/td>\n<\/tr>\n<tr>\n<td width=\"254\">Condenseur avec 2 ventilateurs \u00d8500<\/td>\n<td width=\"152\">1240 x 280 x 815<\/td>\n<td width=\"113\">44<\/td>\n<\/tr>\n<tr>\n<td width=\"254\">Condenseur avec 4 ventilateurs \u00d8400<\/td>\n<td width=\"152\">1400 x 380 x 950<\/td>\n<td width=\"113\">54<\/td>\n<\/tr>\n<tr>\n<td width=\"254\">Condenseur avec 2 ventilateurs \u00d8630<\/td>\n<td width=\"152\">1560 x 280 x 1200<\/td>\n<td width=\"113\">79<\/td>\n<\/tr>\n<\/tbody>\n<\/table>","protected":false},"excerpt":{"rendered":"<p>APPLICATION<\/p>\n<ul>\n<li>Ces condenseurs sont pr\u00e9vus pour des installations ext\u00e9rieures ou int\u00e9rieures.<\/li>\n<li>Toutes les applications de r\u00e9frig\u00e9ration (Des groupes de condensation commerciaux et Industriels) et de conditionnement d\u2019air.<\/li>\n<li>Ces mod\u00e8les fonctionnent en soufflage vertical.<\/li>\n<li>Marquage CE sur tous les condenseurs.<\/li>\n<\/ul>\n<p>Construction<\/p>\n<ul>\n<li>Tubes en cuivre \u00d83\/8<\/li>\n<li>Ailettes en aluminium.<\/li>\n<li>L&rsquo;espacement des ailettes est de 2mm.<\/li>\n<li>Raccords de tubulures d&rsquo;entr\u00e9e et de sortie en cuivre.<\/li>\n<li>Pression admissible Ps = 32 Bar<\/li>\n<li>Bo\u00eetier en t\u00f4le d&rsquo;acier galvanis\u00e9e.<\/li>\n<\/ul>\n<p><a href=\"https:\/\/www.cliref-dz.com\/en\/contact\/\"> <button id=\"pdf-button\" style=\"border: 0px; background-color: #004b93; color: white; padding: 10px; border-radius: 7px;\"> .<\/button> <\/a><\/p>","protected":false},"featured_media":1108,"template":"","meta":{"ocean_post_layout":"","ocean_both_sidebars_style":"","ocean_both_sidebars_content_width":0,"ocean_both_sidebars_sidebars_width":0,"ocean_sidebar":"0","ocean_second_sidebar":"0","ocean_disable_margins":"enable","ocean_add_body_class":"","ocean_shortcode_before_top_bar":"","ocean_shortcode_after_top_bar":"","ocean_shortcode_before_header":"","ocean_shortcode_after_header":"","ocean_has_shortcode":"","ocean_shortcode_after_title":"","ocean_shortcode_before_footer_widgets":"","ocean_shortcode_after_footer_widgets":"","ocean_shortcode_before_footer_bottom":"","ocean_shortcode_after_footer_bottom":"","ocean_display_top_bar":"default","ocean_display_header":"default","ocean_header_style":"","ocean_center_header_left_menu":"0","ocean_custom_header_template":"0","ocean_custom_logo":0,"ocean_custom_retina_logo":0,"ocean_custom_logo_max_width":0,"ocean_custom_logo_tablet_max_width":0,"ocean_custom_logo_mobile_max_width":0,"ocean_custom_logo_max_height":0,"ocean_custom_logo_tablet_max_height":0,"ocean_custom_logo_mobile_max_height":0,"ocean_header_custom_menu":"0","ocean_menu_typo_font_family":"0","ocean_menu_typo_font_subset":"","ocean_menu_typo_font_size":0,"ocean_menu_typo_font_size_tablet":0,"ocean_menu_typo_font_size_mobile":0,"ocean_menu_typo_font_size_unit":"px","ocean_menu_typo_font_weight":"","ocean_menu_typo_font_weight_tablet":"","ocean_menu_typo_font_weight_mobile":"","ocean_menu_typo_transform":"","ocean_menu_typo_transform_tablet":"","ocean_menu_typo_transform_mobile":"","ocean_menu_typo_line_height":0,"ocean_menu_typo_line_height_tablet":0,"ocean_menu_typo_line_height_mobile":0,"ocean_menu_typo_line_height_unit":"","ocean_menu_typo_spacing":0,"ocean_menu_typo_spacing_tablet":0,"ocean_menu_typo_spacing_mobile":0,"ocean_menu_typo_spacing_unit":"","ocean_menu_link_color":"","ocean_menu_link_color_hover":"","ocean_menu_link_color_active":"","ocean_menu_link_background":"","ocean_menu_link_hover_background":"","ocean_menu_link_active_background":"","ocean_menu_social_links_bg":"","ocean_menu_social_hover_links_bg":"","ocean_menu_social_links_color":"","ocean_menu_social_hover_links_color":"","ocean_disable_title":"default","ocean_disable_heading":"default","ocean_post_title":"","ocean_post_subheading":"","ocean_post_title_style":"","ocean_post_title_background_color":"","ocean_post_title_background":0,"ocean_post_title_bg_image_position":"","ocean_post_title_bg_image_attachment":"","ocean_post_title_bg_image_repeat":"","ocean_post_title_bg_image_size":"","ocean_post_title_height":0,"ocean_post_title_bg_overlay":0.5,"ocean_post_title_bg_overlay_color":"","ocean_disable_breadcrumbs":"default","ocean_breadcrumbs_color":"","ocean_breadcrumbs_separator_color":"","ocean_breadcrumbs_links_color":"","ocean_breadcrumbs_links_hover_color":"","ocean_display_footer_widgets":"default","ocean_display_footer_bottom":"default","ocean_custom_footer_template":"0"},"product_brand":[],"product_cat":[21,19],"product_tag":[],"class_list":{"0":"post-869","1":"product","2":"type-product","3":"status-publish","4":"has-post-thumbnail","6":"product_cat-cliref","7":"product_cat-uncategorized","9":"entry","10":"has-media","12":"first","13":"instock","14":"shipping-taxable","15":"product-type-simple","16":"has-product-nav","17":"col","18":"span_1_of_3","19":"owp-content-center","20":"owp-thumbs-layout-horizontal","21":"owp-btn-normal","22":"owp-tabs-layout-horizontal","23":"has-no-thumbnails"},"_links":{"self":[{"href":"https:\/\/www.cliref-dz.com\/en\/wp-json\/wp\/v2\/product\/869","targetHints":{"allow":["GET"]}}],"collection":[{"href":"https:\/\/www.cliref-dz.com\/en\/wp-json\/wp\/v2\/product"}],"about":[{"href":"https:\/\/www.cliref-dz.com\/en\/wp-json\/wp\/v2\/types\/product"}],"wp:featuredmedia":[{"embeddable":true,"href":"https:\/\/www.cliref-dz.com\/en\/wp-json\/wp\/v2\/media\/1108"}],"wp:attachment":[{"href":"https:\/\/www.cliref-dz.com\/en\/wp-json\/wp\/v2\/media?parent=869"}],"wp:term":[{"taxonomy":"product_brand","embeddable":true,"href":"https:\/\/www.cliref-dz.com\/en\/wp-json\/wp\/v2\/product_brand?post=869"},{"taxonomy":"product_cat","embeddable":true,"href":"https:\/\/www.cliref-dz.com\/en\/wp-json\/wp\/v2\/product_cat?post=869"},{"taxonomy":"product_tag","embeddable":true,"href":"https:\/\/www.cliref-dz.com\/en\/wp-json\/wp\/v2\/product_tag?post=869"}],"curies":[{"name":"wp","href":"https:\/\/api.w.org\/{rel}","templated":true}]}}