{"id":38,"date":"2022-12-30T15:52:58","date_gmt":"2022-12-30T15:52:58","guid":{"rendered":"https:\/\/www.cliref-dz.com\/?page_id=38"},"modified":"2023-01-25T15:24:56","modified_gmt":"2023-01-25T15:24:56","slug":"news","status":"publish","type":"page","link":"https:\/\/www.cliref-dz.com\/en\/news\/","title":{"rendered":"NEWS"},"content":{"rendered":"<div data-elementor-type=\"wp-page\" data-elementor-id=\"38\" class=\"elementor elementor-38\">\n\t\t\t\t\t\t<section class=\"elementor-section elementor-top-section elementor-element elementor-element-2e7b000 elementor-section-boxed elementor-section-height-default elementor-section-height-default\" data-id=\"2e7b000\" data-element_type=\"section\" data-e-type=\"section\">\n\t\t\t\t\t\t<div class=\"elementor-container elementor-column-gap-no\">\n\t\t\t\t\t<div class=\"elementor-column elementor-col-100 elementor-top-column elementor-element elementor-element-0f629dc\" data-id=\"0f629dc\" data-element_type=\"column\" data-e-type=\"column\">\n\t\t\t<div class=\"elementor-widget-wrap elementor-element-populated\">\n\t\t\t\t\t\t<div class=\"elementor-element elementor-element-e6358dd elementor-widget elementor-widget-image\" data-id=\"e6358dd\" data-element_type=\"widget\" data-e-type=\"widget\" data-widget_type=\"image.default\">\n\t\t\t\t<div class=\"elementor-widget-container\">\n\t\t\t\t\t\t\t\t\t\t\t\t\t\t\t<img fetchpriority=\"high\" decoding=\"async\" width=\"800\" height=\"800\" src=\"https:\/\/www.cliref-dz.com\/wp-content\/uploads\/2023\/01\/new-1.jpg\" class=\"attachment-2048x2048 size-2048x2048 wp-image-947\" alt=\"\" srcset=\"https:\/\/www.cliref-dz.com\/wp-content\/uploads\/2023\/01\/new-1.jpg 800w, https:\/\/www.cliref-dz.com\/wp-content\/uploads\/2023\/01\/new-1-300x300.jpg 300w, https:\/\/www.cliref-dz.com\/wp-content\/uploads\/2023\/01\/new-1-100x100.jpg 100w, https:\/\/www.cliref-dz.com\/wp-content\/uploads\/2023\/01\/new-1-600x600.jpg 600w, https:\/\/www.cliref-dz.com\/wp-content\/uploads\/2023\/01\/new-1-150x150.jpg 150w, https:\/\/www.cliref-dz.com\/wp-content\/uploads\/2023\/01\/new-1-768x768.jpg 768w, https:\/\/www.cliref-dz.com\/wp-content\/uploads\/2023\/01\/new-1-12x12.jpg 12w\" sizes=\"(max-width: 800px) 100vw, 800px\" \/>\t\t\t\t\t\t\t\t\t\t\t\t\t\t\t<\/div>\n\t\t\t\t<\/div>\n\t\t\t\t<div class=\"elementor-element elementor-element-c6c9ca6 elementor-hidden-tablet elementor-hidden-mobile elementor-widget elementor-widget-heading\" data-id=\"c6c9ca6\" data-element_type=\"widget\" data-e-type=\"widget\" data-widget_type=\"heading.default\">\n\t\t\t\t<div class=\"elementor-widget-container\">\n\t\t\t\t\t<h2 class=\"elementor-heading-title elementor-size-default\">RENCONTREZ-NOUS @ La Foire Internationale d'Alger<\/h2>\t\t\t\t<\/div>\n\t\t\t\t<\/div>\n\t\t\t\t<div class=\"elementor-element elementor-element-d3419a7 elementor-hidden-desktop elementor-hidden-mobile elementor-widget elementor-widget-heading\" data-id=\"d3419a7\" data-element_type=\"widget\" data-e-type=\"widget\" data-widget_type=\"heading.default\">\n\t\t\t\t<div class=\"elementor-widget-container\">\n\t\t\t\t\t<h2 class=\"elementor-heading-title elementor-size-default\">RENCONTREZ-NOUS @ La Foire Internationale d'Alger<\/h2>\t\t\t\t<\/div>\n\t\t\t\t<\/div>\n\t\t\t\t<div class=\"elementor-element elementor-element-561bfdb elementor-hidden-desktop elementor-hidden-tablet elementor-widget elementor-widget-heading\" data-id=\"561bfdb\" data-element_type=\"widget\" data-e-type=\"widget\" data-widget_type=\"heading.default\">\n\t\t\t\t<div class=\"elementor-widget-container\">\n\t\t\t\t\t<h2 class=\"elementor-heading-title elementor-size-default\">RENCONTREZ-NOUS @ La Foire Internationale d'Alger<\/h2>\t\t\t\t<\/div>\n\t\t\t\t<\/div>\n\t\t\t\t<div class=\"elementor-element elementor-element-ab91c5a elementor-hidden-tablet elementor-hidden-mobile elementor-widget elementor-widget-text-editor\" data-id=\"ab91c5a\" data-element_type=\"widget\" data-e-type=\"widget\" data-widget_type=\"text-editor.default\">\n\t\t\t\t<div class=\"elementor-widget-container\">\n\t\t\t\t\t\t\t\t\t<p>CLIREF a le plaisir de vous annoncer qu elle sera presente au\u00a0 3\u00e8me SIVECC (Salon International de la Ventilation, Electricit\u00e9 ,Chauffage Et Climatisation), l&rsquo;\u00e9v\u00e9nement \u00e9conomique majeur de l&rsquo;ann\u00e9e. C&rsquo;est l&rsquo;un des temps forts o\u00f9 les exp\u00e9riences s&rsquo;\u00e9changent, o\u00f9 les relations d&rsquo;affaires se concretisent et o\u00f9 s&rsquo;initient de multiples id\u00e9es de projets de partenariats industriels et commerciaux.<\/p><p>Le SIVVEC\u00a0 re\u00e7oit chaque ann\u00e9e plus de 5 000 visiteurs, et plus de 80 exposants.<br \/>L&rsquo;\u00e9v\u00e9nement est pr\u00e9vu du 30 janvier au 02 f\u00e9vrier\u00a0 2023 \u00e0 la SAFEX (Soci\u00e9t\u00e9 Alg\u00e9riennes des Foires &amp; des Exportations)<\/p><p>CLIREF sera au<strong>\u00a0Pavillon Ahaggar<\/strong>.<br \/>Nous avons h\u00e2te de vous recevoir<\/p>\t\t\t\t\t\t\t\t<\/div>\n\t\t\t\t<\/div>\n\t\t\t\t<div class=\"elementor-element elementor-element-b27f454 elementor-hidden-desktop elementor-widget elementor-widget-text-editor\" data-id=\"b27f454\" data-element_type=\"widget\" data-e-type=\"widget\" data-widget_type=\"text-editor.default\">\n\t\t\t\t<div class=\"elementor-widget-container\">\n\t\t\t\t\t\t\t\t\t<p>CLIREF a le plaisir de vous annoncer que nous exposerons \u00e0 la 51\u00e8me FIA (Foire Internationale d&rsquo;Alger), l&rsquo;\u00e9v\u00e9nement \u00e9conomique majeur de l&rsquo;ann\u00e9e, c&rsquo;est l&rsquo;un des temps forts o\u00f9 les exp\u00e9riences s&rsquo;\u00e9changent, o\u00f9 les relations d&rsquo;affaires et o\u00f9 s&rsquo;initient de multiples id\u00e9es de projets de partenariats industriels et commerciaux.<br>La FIA jouera \u00e0 nouveau son r\u00f4le strat\u00e9gique de vitrine de l&rsquo;\u00e9conomie nationale dans le sens o\u00f9 elle pr\u00e9sentera aux partenaires \u00e9trangers de r\u00e9elles et nouvelles opportunit\u00e9s \u00e9conomiques alg\u00e9riennes d&rsquo;une part, et d&rsquo;autre part, au march\u00e9 alg\u00e9rien de b\u00e9n\u00e9ficier de multiples opportunit\u00e9s. offerts par la pr\u00e9sence d&rsquo;une offre globale r\u00e9unie en un seul lieu.<br>La FIA attire chaque ann\u00e9e plus de 40 000 visiteurs, dont plus de 40 000 professionnels.<br>L&rsquo;\u00e9v\u00e9nement est pr\u00e9vu du 30 janvier au 02&nbsp;f\u00e9vrier 2023 \u00e0 la Foire Internationale d&rsquo;Alger.<\/p>\n<p>CLIREF sera au <strong>Hall A, North C\u00f4t\u00e9<\/strong>.<br>Nous avons h\u00e2te de vous voir l\u00e0-bas!<\/p>\t\t\t\t\t\t\t\t<\/div>\n\t\t\t\t<\/div>\n\t\t\t\t<div class=\"elementor-element elementor-element-d051748 elementor-align-left elementor-hidden-tablet elementor-hidden-mobile elementor-widget elementor-widget-button\" data-id=\"d051748\" data-element_type=\"widget\" data-e-type=\"widget\" data-widget_type=\"button.default\">\n\t\t\t\t<div class=\"elementor-widget-container\">\n\t\t\t\t\t\t\t\t\t<div class=\"elementor-button-wrapper\">\n\t\t\t\t\t<a class=\"elementor-button elementor-button-link elementor-size-md\" href=\"https:\/\/sivecc.dz\/\">\n\t\t\t\t\t\t<span class=\"elementor-button-content-wrapper\">\n\t\t\t\t\t\t\t\t\t<span class=\"elementor-button-text\">Lire la suite<\/span>\n\t\t\t\t\t<\/span>\n\t\t\t\t\t<\/a>\n\t\t\t\t<\/div>\n\t\t\t\t\t\t\t\t<\/div>\n\t\t\t\t<\/div>\n\t\t\t\t<div class=\"elementor-element elementor-element-fe43a0f elementor-align-left elementor-hidden-desktop elementor-widget elementor-widget-button\" data-id=\"fe43a0f\" data-element_type=\"widget\" data-e-type=\"widget\" data-widget_type=\"button.default\">\n\t\t\t\t<div class=\"elementor-widget-container\">\n\t\t\t\t\t\t\t\t\t<div class=\"elementor-button-wrapper\">\n\t\t\t\t\t<a class=\"elementor-button elementor-button-link elementor-size-md\" href=\"#\">\n\t\t\t\t\t\t<span class=\"elementor-button-content-wrapper\">\n\t\t\t\t\t\t\t\t\t<span class=\"elementor-button-text\">Lire la suite<\/span>\n\t\t\t\t\t<\/span>\n\t\t\t\t\t<\/a>\n\t\t\t\t<\/div>\n\t\t\t\t\t\t\t\t<\/div>\n\t\t\t\t<\/div>\n\t\t\t\t\t<\/div>\n\t\t<\/div>\n\t\t\t\t\t<\/div>\n\t\t<\/section>\n\t\t\t\t<\/div>","protected":false},"excerpt":{"rendered":"<p>RENCONTREZ-NOUS @ La Foire Internationale d&rsquo;Alger RENCONTREZ-NOUS @ La Foire Internationale d&rsquo;Alger RENCONTREZ-NOUS @ La Foire Internationale d&rsquo;Alger CLIREF a le plaisir de vous annoncer qu elle sera presente au\u00a0 3\u00e8me SIVECC (Salon International de la Ventilation, Electricit\u00e9 ,Chauffage Et Climatisation), l&rsquo;\u00e9v\u00e9nement \u00e9conomique majeur de l&rsquo;ann\u00e9e. C&rsquo;est l&rsquo;un des temps forts o\u00f9 les exp\u00e9riences s&rsquo;\u00e9changent, [&hellip;]<\/p>\n","protected":false},"author":6,"featured_media":0,"parent":0,"menu_order":0,"comment_status":"closed","ping_status":"closed","template":"","meta":{"ocean_post_layout":"full-screen","ocean_both_sidebars_style":"","ocean_both_sidebars_content_width":0,"ocean_both_sidebars_sidebars_width":0,"ocean_sidebar":"0","ocean_second_sidebar":"0","ocean_disable_margins":"enable","ocean_add_body_class":"","ocean_shortcode_before_top_bar":"","ocean_shortcode_after_top_bar":"","ocean_shortcode_before_header":"","ocean_shortcode_after_header":"","ocean_has_shortcode":"","ocean_shortcode_after_title":"","ocean_shortcode_before_footer_widgets":"","ocean_shortcode_after_footer_widgets":"","ocean_shortcode_before_footer_bottom":"","ocean_shortcode_after_footer_bottom":"","ocean_display_top_bar":"default","ocean_display_header":"default","ocean_header_style":"","ocean_center_header_left_menu":"0","ocean_custom_header_template":"0","ocean_custom_logo":0,"ocean_custom_retina_logo":0,"ocean_custom_logo_max_width":0,"ocean_custom_logo_tablet_max_width":0,"ocean_custom_logo_mobile_max_width":0,"ocean_custom_logo_max_height":0,"ocean_custom_logo_tablet_max_height":0,"ocean_custom_logo_mobile_max_height":0,"ocean_header_custom_menu":"0","ocean_menu_typo_font_family":"0","ocean_menu_typo_font_subset":"","ocean_menu_typo_font_size":0,"ocean_menu_typo_font_size_tablet":0,"ocean_menu_typo_font_size_mobile":0,"ocean_menu_typo_font_size_unit":"px","ocean_menu_typo_font_weight":"","ocean_menu_typo_font_weight_tablet":"","ocean_menu_typo_font_weight_mobile":"","ocean_menu_typo_transform":"","ocean_menu_typo_transform_tablet":"","ocean_menu_typo_transform_mobile":"","ocean_menu_typo_line_height":0,"ocean_menu_typo_line_height_tablet":0,"ocean_menu_typo_line_height_mobile":0,"ocean_menu_typo_line_height_unit":"","ocean_menu_typo_spacing":0,"ocean_menu_typo_spacing_tablet":0,"ocean_menu_typo_spacing_mobile":0,"ocean_menu_typo_spacing_unit":"","ocean_menu_link_color":"","ocean_menu_link_color_hover":"","ocean_menu_link_color_active":"","ocean_menu_link_background":"","ocean_menu_link_hover_background":"","ocean_menu_link_active_background":"","ocean_menu_social_links_bg":"","ocean_menu_social_hover_links_bg":"","ocean_menu_social_links_color":"","ocean_menu_social_hover_links_color":"","ocean_disable_title":"default","ocean_disable_heading":"default","ocean_post_title":"","ocean_post_subheading":"","ocean_post_title_style":"","ocean_post_title_background_color":"","ocean_post_title_background":0,"ocean_post_title_bg_image_position":"","ocean_post_title_bg_image_attachment":"","ocean_post_title_bg_image_repeat":"","ocean_post_title_bg_image_size":"","ocean_post_title_height":0,"ocean_post_title_bg_overlay":0.5,"ocean_post_title_bg_overlay_color":"","ocean_disable_breadcrumbs":"default","ocean_breadcrumbs_color":"","ocean_breadcrumbs_separator_color":"","ocean_breadcrumbs_links_color":"","ocean_breadcrumbs_links_hover_color":"","ocean_display_footer_widgets":"default","ocean_display_footer_bottom":"default","ocean_custom_footer_template":"0","footnotes":""},"class_list":["post-38","page","type-page","status-publish","hentry","entry","owp-thumbs-layout-horizontal","owp-btn-normal","owp-tabs-layout-horizontal","has-no-thumbnails","has-product-nav"],"_links":{"self":[{"href":"https:\/\/www.cliref-dz.com\/en\/wp-json\/wp\/v2\/pages\/38","targetHints":{"allow":["GET"]}}],"collection":[{"href":"https:\/\/www.cliref-dz.com\/en\/wp-json\/wp\/v2\/pages"}],"about":[{"href":"https:\/\/www.cliref-dz.com\/en\/wp-json\/wp\/v2\/types\/page"}],"author":[{"embeddable":true,"href":"https:\/\/www.cliref-dz.com\/en\/wp-json\/wp\/v2\/users\/6"}],"replies":[{"embeddable":true,"href":"https:\/\/www.cliref-dz.com\/en\/wp-json\/wp\/v2\/comments?post=38"}],"version-history":[{"count":0,"href":"https:\/\/www.cliref-dz.com\/en\/wp-json\/wp\/v2\/pages\/38\/revisions"}],"wp:attachment":[{"href":"https:\/\/www.cliref-dz.com\/en\/wp-json\/wp\/v2\/media?parent=38"}],"curies":[{"name":"wp","href":"https:\/\/api.w.org\/{rel}","templated":true}]}}